{"id":105,"date":"2025-05-23T14:34:38","date_gmt":"2025-05-23T12:34:38","guid":{"rendered":"https:\/\/clemup.com\/?page_id=105"},"modified":"2025-05-23T14:55:20","modified_gmt":"2025-05-23T12:55:20","slug":"accueil","status":"publish","type":"page","link":"https:\/\/clemup.com\/","title":{"rendered":"Accueil"},"content":{"rendered":"\t\t<div data-elementor-type=\"wp-page\" data-elementor-id=\"105\" class=\"elementor elementor-105\">\n\t\t\t\t<div class=\"elementor-element elementor-element-7e46276 e-flex e-con-boxed e-con e-parent\" data-id=\"7e46276\" data-element_type=\"container\" data-e-type=\"container\">\n\t\t\t\t\t<div class=\"e-con-inner\">\n\t\t\t\t<div class=\"elementor-element elementor-element-0550a76 elementor-widget elementor-widget-heading\" data-id=\"0550a76\" data-element_type=\"widget\" data-e-type=\"widget\" data-widget_type=\"heading.default\">\n\t\t\t\t<div class=\"elementor-widget-container\">\n\t\t\t\t\t<h1 class=\"elementor-heading-title elementor-size-default\">Bienvenue sur Clemup.com \u2013 Le Hub Cr\u00e9atif et Digital pour Entrepreneurs Engag\u00e9s\n<div><br><\/div><\/h1>\t\t\t\t<\/div>\n\t\t\t\t<\/div>\n\t\t\t\t\t<\/div>\n\t\t\t\t<\/div>\n\t\t<div class=\"elementor-element elementor-element-e339441 e-flex e-con-boxed e-con e-parent\" data-id=\"e339441\" data-element_type=\"container\" data-e-type=\"container\">\n\t\t\t\t\t<div class=\"e-con-inner\">\n\t\t\t\t<div class=\"elementor-element elementor-element-fc3e3e9 elementor-widget elementor-widget-image\" data-id=\"fc3e3e9\" data-element_type=\"widget\" data-e-type=\"widget\" data-widget_type=\"image.default\">\n\t\t\t\t<div class=\"elementor-widget-container\">\n\t\t\t\t\t\t\t\t\t\t\t\t\t\t\t<img decoding=\"async\" src=\"https:\/\/clemup.com\/wp-content\/uploads\/elementor\/thumbs\/Livreur-r68eumqy6twxexlfrroacqx0unjs2rqldo5r9w5e4w.jpeg\" title=\"Livreur\" alt=\"Livreur\" loading=\"lazy\" \/>\t\t\t\t\t\t\t\t\t\t\t\t\t\t\t<\/div>\n\t\t\t\t<\/div>\n\t\t\t\t<div class=\"elementor-element elementor-element-3e06791 elementor-widget elementor-widget-text-editor\" data-id=\"3e06791\" data-element_type=\"widget\" data-e-type=\"widget\" data-widget_type=\"text-editor.default\">\n\t\t\t\t<div class=\"elementor-widget-container\">\n\t\t\t\t\t\t\t\t\t<p><strong data-start=\"490\" data-end=\"500\">Clemup<\/strong>, c\u2019est l\u2019alliance entre savoir-faire artisanal, innovation digitale et esprit d\u2019entrepreneuriat. Que vous soyez un cr\u00e9ateur ind\u00e9pendant, une marque en devenir ou une entreprise \u00e0 la recherche de solutions uniques, Clemup vous accompagne \u00e0 chaque \u00e9tape de votre projet avec des <strong data-start=\"778\" data-end=\"849\">outils sur-mesure, des services de qualit\u00e9 et une approche humaine.<\/strong><\/p>\t\t\t\t\t\t\t\t<\/div>\n\t\t\t\t<\/div>\n\t\t\t\t\t<\/div>\n\t\t\t\t<\/div>\n\t\t<div class=\"elementor-element elementor-element-a569bef e-flex e-con-boxed e-con e-parent\" data-id=\"a569bef\" data-element_type=\"container\" data-e-type=\"container\">\n\t\t\t\t\t<div class=\"e-con-inner\">\n\t\t\t\t<div class=\"elementor-element elementor-element-14d3df4 elementor-widget elementor-widget-text-editor\" data-id=\"14d3df4\" data-element_type=\"widget\" data-e-type=\"widget\" data-widget_type=\"text-editor.default\">\n\t\t\t\t<div class=\"elementor-widget-container\">\n\t\t\t\t\t\t\t\t\t<h4 data-start=\"851\" data-end=\"885\">\ud83d\ude80 Nos domaines d\u2019expertise :<\/h4><ul data-start=\"886\" data-end=\"1561\"><li data-start=\"886\" data-end=\"1051\"><p data-start=\"888\" data-end=\"1051\"><strong data-start=\"888\" data-end=\"920\">Cr\u00e9ation de produits uniques<\/strong> : patrons de couture professionnels, kits DIY, objets personnalis\u00e9s pour boutiques cr\u00e9atives et plateformes comme Amazon .<\/p><\/li><li data-start=\"1052\" data-end=\"1222\"><p data-start=\"1054\" data-end=\"1222\"><strong data-start=\"1054\" data-end=\"1077\">Services e-commerce<\/strong> : accompagnement au lancement sur Amazon FBA, packaging personnalis\u00e9, sourcing produits (Europe \/ Asie), cr\u00e9ation de fiches produits optimis\u00e9es.<\/p><\/li><li data-start=\"1223\" data-end=\"1387\"><p data-start=\"1225\" data-end=\"1387\"><strong data-start=\"1225\" data-end=\"1259\">Contenus digitaux intelligents<\/strong> : vid\u00e9os g\u00e9n\u00e9r\u00e9es par IA, micro-formations issues de YouTube, solutions de SEO automatis\u00e9 pour faire d\u00e9coller votre visibilit\u00e9.<\/p><\/li><li data-start=\"1388\" data-end=\"1561\"><p data-start=\"1390\" data-end=\"1561\"><strong data-start=\"1390\" data-end=\"1423\">Ateliers et interventions QVT<\/strong> : animation d\u2019ateliers couture en entreprise (qualit\u00e9 de vie au travail), team building cr\u00e9atif et valorisation des savoir-faire manuels.<\/p><\/li><\/ul>\t\t\t\t\t\t\t\t<\/div>\n\t\t\t\t<\/div>\n\t\t\t\t\t<\/div>\n\t\t\t\t<\/div>\n\t\t<div class=\"elementor-element elementor-element-7e4075d e-flex e-con-boxed e-con e-parent\" data-id=\"7e4075d\" data-element_type=\"container\" data-e-type=\"container\">\n\t\t\t\t\t<div class=\"e-con-inner\">\n\t\t\t\t<div class=\"elementor-element elementor-element-6ff487f elementor-widget elementor-widget-text-editor\" data-id=\"6ff487f\" data-element_type=\"widget\" data-e-type=\"widget\" data-widget_type=\"text-editor.default\">\n\t\t\t\t<div class=\"elementor-widget-container\">\n\t\t\t\t\t\t\t\t\t<h3 data-start=\"1568\" data-end=\"1600\">\ud83c\udfaf Pourquoi choisir Clemup ?<\/h3><ul data-start=\"1602\" data-end=\"2113\"><li data-start=\"1602\" data-end=\"1730\"><p data-start=\"1604\" data-end=\"1730\"><strong data-start=\"1604\" data-end=\"1619\">Polyvalence<\/strong> : de la conception produit \u00e0 la strat\u00e9gie digitale, tout est pens\u00e9 pour maximiser votre impact et rentabilit\u00e9.<\/p><\/li><li data-start=\"1731\" data-end=\"1876\"><p data-start=\"1733\" data-end=\"1876\"><strong data-start=\"1733\" data-end=\"1762\">Approche \u00e9thique &amp; locale<\/strong> : collaborations avec des talents ind\u00e9pendants, fabrication raisonn\u00e9e, solutions adapt\u00e9es aux petites structures.<\/p><\/li><li data-start=\"1877\" data-end=\"2004\"><p data-start=\"1879\" data-end=\"2004\"><strong data-start=\"1879\" data-end=\"1916\">Expertise Amazon FBA &amp; e-commerce<\/strong> : sp\u00e9cialisation dans les lancements \u00e0 petit budget avec forte diff\u00e9renciation produit.<\/p><\/li><li data-start=\"2005\" data-end=\"2113\"><p data-start=\"2007\" data-end=\"2113\"><strong data-start=\"2007\" data-end=\"2036\">Gain de temps &amp; autonomie<\/strong> : nos outils sont con\u00e7us pour vous permettre d\u2019\u00eatre libre, rapide, efficace.<\/p><\/li><\/ul>\t\t\t\t\t\t\t\t<\/div>\n\t\t\t\t<\/div>\n\t\t\t\t\t<\/div>\n\t\t\t\t<\/div>\n\t\t<div class=\"elementor-element elementor-element-59022a9 e-flex e-con-boxed e-con e-parent\" data-id=\"59022a9\" data-element_type=\"container\" data-e-type=\"container\">\n\t\t\t\t\t<div class=\"e-con-inner\">\n\t\t\t\t<div class=\"elementor-element elementor-element-d6e1389 elementor-widget elementor-widget-text-editor\" data-id=\"d6e1389\" data-element_type=\"widget\" data-e-type=\"widget\" data-widget_type=\"text-editor.default\">\n\t\t\t\t<div class=\"elementor-widget-container\">\n\t\t\t\t\t\t\t\t\t<h3 data-start=\"2120\" data-end=\"2162\">\ud83c\udf0d Une vision : entreprendre autrement<\/h3><p data-start=\"2164\" data-end=\"2431\">Chez Clemup, nous croyons en une nouvelle g\u00e9n\u00e9ration d\u2019entrepreneurs : <strong data-start=\"2235\" data-end=\"2268\">cr\u00e9atifs, agiles, et engag\u00e9s.<\/strong> Ici, pas de solutions toutes faites, mais une bo\u00eete \u00e0 outils pens\u00e9e pour vous propulser en gardant le contr\u00f4le de votre temps, de votre marque, et de vos valeurs.<\/p>\t\t\t\t\t\t\t\t<\/div>\n\t\t\t\t<\/div>\n\t\t\t\t\t<\/div>\n\t\t\t\t<\/div>\n\t\t<div class=\"elementor-element elementor-element-eb18bbd e-flex e-con-boxed e-con e-parent\" data-id=\"eb18bbd\" data-element_type=\"container\" data-e-type=\"container\">\n\t\t\t\t\t<div class=\"e-con-inner\">\n\t\t\t\t<div class=\"elementor-element elementor-element-449e791 elementor-widget elementor-widget-text-editor\" data-id=\"449e791\" data-element_type=\"widget\" data-e-type=\"widget\" data-widget_type=\"text-editor.default\">\n\t\t\t\t<div class=\"elementor-widget-container\">\n\t\t\t\t\t\t\t\t\t<h3 data-start=\"2438\" data-end=\"2474\">\ud83d\udce9 Pr\u00eat \u00e0 booster votre projet ?<\/h3><p data-start=\"2475\" data-end=\"2562\">Contactez-nous ou explorez nos services pour transformer vos id\u00e9es en r\u00e9alit\u00e9 concr\u00e8te.<\/p>\t\t\t\t\t\t\t\t<\/div>\n\t\t\t\t<\/div>\n\t\t\t\t\t<\/div>\n\t\t\t\t<\/div>\n\t\t\t\t<\/div>\n\t\t","protected":false},"excerpt":{"rendered":"<p>Bienvenue sur Clemup.com \u2013 Le Hub Cr\u00e9atif et Digital pour Entrepreneurs Engag\u00e9s Clemup, c\u2019est l\u2019alliance entre savoir-faire artisanal, innovation digitale [&hellip;]<\/p>\n","protected":false},"author":1,"featured_media":0,"parent":0,"menu_order":0,"comment_status":"closed","ping_status":"closed","template":"","meta":{"site-sidebar-layout":"no-sidebar","site-content-layout":"","ast-site-content-layout":"full-width-container","site-content-style":"default","site-sidebar-style":"default","ast-global-header-display":"","ast-banner-title-visibility":"","ast-main-header-display":"","ast-hfb-above-header-display":"","ast-hfb-below-header-display":"","ast-hfb-mobile-header-display":"","site-post-title":"disabled","ast-breadcrumbs-content":"","ast-featured-img":"disabled","footer-sml-layout":"","theme-transparent-header-meta":"default","adv-header-id-meta":"","stick-header-meta":"","header-above-stick-meta":"","header-main-stick-meta":"","header-below-stick-meta":"","astra-migrate-meta-layouts":"set","ast-page-background-enabled":"default","ast-page-background-meta":{"desktop":{"background-color":"var(--ast-global-color-5)","background-image":"","background-repeat":"repeat","background-position":"center center","background-size":"auto","background-attachment":"scroll","background-type":"","background-media":"","overlay-type":"","overlay-color":"","overlay-opacity":"","overlay-gradient":""},"tablet":{"background-color":"","background-image":"","background-repeat":"repeat","background-position":"center center","background-size":"auto","background-attachment":"scroll","background-type":"","background-media":"","overlay-type":"","overlay-color":"","overlay-opacity":"","overlay-gradient":""},"mobile":{"background-color":"","background-image":"","background-repeat":"repeat","background-position":"center center","background-size":"auto","background-attachment":"scroll","background-type":"","background-media":"","overlay-type":"","overlay-color":"","overlay-opacity":"","overlay-gradient":""}},"ast-content-background-meta":{"desktop":{"background-color":"var(--ast-global-color-4)","background-image":"","background-repeat":"repeat","background-position":"center center","background-size":"auto","background-attachment":"scroll","background-type":"","background-media":"","overlay-type":"","overlay-color":"","overlay-opacity":"","overlay-gradient":""},"tablet":{"background-color":"var(--ast-global-color-4)","background-image":"","background-repeat":"repeat","background-position":"center center","background-size":"auto","background-attachment":"scroll","background-type":"","background-media":"","overlay-type":"","overlay-color":"","overlay-opacity":"","overlay-gradient":""},"mobile":{"background-color":"var(--ast-global-color-4)","background-image":"","background-repeat":"repeat","background-position":"center center","background-size":"auto","background-attachment":"scroll","background-type":"","background-media":"","overlay-type":"","overlay-color":"","overlay-opacity":"","overlay-gradient":""}},"footnotes":""},"class_list":["post-105","page","type-page","status-publish","hentry"],"yoast_head":"<!-- This site is optimized with the Yoast SEO plugin v27.4 - https:\/\/yoast.com\/product\/yoast-seo-wordpress\/ -->\n<title>Accueil - Clemup<\/title>\n<meta name=\"robots\" content=\"index, follow, max-snippet:-1, max-image-preview:large, max-video-preview:-1\" \/>\n<link rel=\"canonical\" href=\"https:\/\/clemup.com\/\" \/>\n<meta property=\"og:locale\" content=\"fr_FR\" \/>\n<meta property=\"og:type\" content=\"article\" \/>\n<meta property=\"og:title\" content=\"Accueil - Clemup\" \/>\n<meta property=\"og:description\" content=\"Bienvenue sur Clemup.com \u2013 Le Hub Cr\u00e9atif et Digital pour Entrepreneurs Engag\u00e9s Clemup, c\u2019est l\u2019alliance entre savoir-faire artisanal, innovation digitale [&hellip;]\" \/>\n<meta property=\"og:url\" content=\"https:\/\/clemup.com\/\" \/>\n<meta property=\"og:site_name\" content=\"Clemup\" \/>\n<meta property=\"article:modified_time\" content=\"2025-05-23T12:55:20+00:00\" \/>\n<meta property=\"og:image\" content=\"https:\/\/clemup.com\/wp-content\/uploads\/elementor\/thumbs\/Livreur-r68eumqy6twxexlfrroacqx0unjs2rqldo5r9w5e4w.jpeg\" \/>\n<meta name=\"twitter:card\" content=\"summary_large_image\" \/>\n<meta name=\"twitter:label1\" content=\"Dur\u00e9e de lecture estim\u00e9e\" \/>\n\t<meta name=\"twitter:data1\" content=\"2 minutes\" \/>\n<script type=\"application\/ld+json\" class=\"yoast-schema-graph\">{\"@context\":\"https:\\\/\\\/schema.org\",\"@graph\":[{\"@type\":\"WebPage\",\"@id\":\"https:\\\/\\\/clemup.com\\\/\",\"url\":\"https:\\\/\\\/clemup.com\\\/\",\"name\":\"Accueil - Clemup\",\"isPartOf\":{\"@id\":\"https:\\\/\\\/clemup.com\\\/#website\"},\"primaryImageOfPage\":{\"@id\":\"https:\\\/\\\/clemup.com\\\/#primaryimage\"},\"image\":{\"@id\":\"https:\\\/\\\/clemup.com\\\/#primaryimage\"},\"thumbnailUrl\":\"https:\\\/\\\/clemup.com\\\/wp-content\\\/uploads\\\/elementor\\\/thumbs\\\/Livreur-r68eumqy6twxexlfrroacqx0unjs2rqldo5r9w5e4w.jpeg\",\"datePublished\":\"2025-05-23T12:34:38+00:00\",\"dateModified\":\"2025-05-23T12:55:20+00:00\",\"breadcrumb\":{\"@id\":\"https:\\\/\\\/clemup.com\\\/#breadcrumb\"},\"inLanguage\":\"fr-FR\",\"potentialAction\":[{\"@type\":\"ReadAction\",\"target\":[\"https:\\\/\\\/clemup.com\\\/\"]}]},{\"@type\":\"ImageObject\",\"inLanguage\":\"fr-FR\",\"@id\":\"https:\\\/\\\/clemup.com\\\/#primaryimage\",\"url\":\"https:\\\/\\\/clemup.com\\\/wp-content\\\/uploads\\\/elementor\\\/thumbs\\\/Livreur-r68eumqy6twxexlfrroacqx0unjs2rqldo5r9w5e4w.jpeg\",\"contentUrl\":\"https:\\\/\\\/clemup.com\\\/wp-content\\\/uploads\\\/elementor\\\/thumbs\\\/Livreur-r68eumqy6twxexlfrroacqx0unjs2rqldo5r9w5e4w.jpeg\"},{\"@type\":\"BreadcrumbList\",\"@id\":\"https:\\\/\\\/clemup.com\\\/#breadcrumb\",\"itemListElement\":[{\"@type\":\"ListItem\",\"position\":1,\"name\":\"Home\",\"item\":\"https:\\\/\\\/clemup.com\\\/\"},{\"@type\":\"ListItem\",\"position\":2,\"name\":\"Accueil\"}]},{\"@type\":\"WebSite\",\"@id\":\"https:\\\/\\\/clemup.com\\\/#website\",\"url\":\"https:\\\/\\\/clemup.com\\\/\",\"name\":\"Clemup\",\"description\":\"\",\"potentialAction\":[{\"@type\":\"SearchAction\",\"target\":{\"@type\":\"EntryPoint\",\"urlTemplate\":\"https:\\\/\\\/clemup.com\\\/?s={search_term_string}\"},\"query-input\":{\"@type\":\"PropertyValueSpecification\",\"valueRequired\":true,\"valueName\":\"search_term_string\"}}],\"inLanguage\":\"fr-FR\"}]}<\/script>\n<!-- \/ Yoast SEO plugin. -->","yoast_head_json":{"title":"Accueil - Clemup","robots":{"index":"index","follow":"follow","max-snippet":"max-snippet:-1","max-image-preview":"max-image-preview:large","max-video-preview":"max-video-preview:-1"},"canonical":"https:\/\/clemup.com\/","og_locale":"fr_FR","og_type":"article","og_title":"Accueil - Clemup","og_description":"Bienvenue sur Clemup.com \u2013 Le Hub Cr\u00e9atif et Digital pour Entrepreneurs Engag\u00e9s Clemup, c\u2019est l\u2019alliance entre savoir-faire artisanal, innovation digitale [&hellip;]","og_url":"https:\/\/clemup.com\/","og_site_name":"Clemup","article_modified_time":"2025-05-23T12:55:20+00:00","og_image":[{"url":"https:\/\/clemup.com\/wp-content\/uploads\/elementor\/thumbs\/Livreur-r68eumqy6twxexlfrroacqx0unjs2rqldo5r9w5e4w.jpeg","type":"","width":"","height":""}],"twitter_card":"summary_large_image","twitter_misc":{"Dur\u00e9e de lecture estim\u00e9e":"2 minutes"},"schema":{"@context":"https:\/\/schema.org","@graph":[{"@type":"WebPage","@id":"https:\/\/clemup.com\/","url":"https:\/\/clemup.com\/","name":"Accueil - Clemup","isPartOf":{"@id":"https:\/\/clemup.com\/#website"},"primaryImageOfPage":{"@id":"https:\/\/clemup.com\/#primaryimage"},"image":{"@id":"https:\/\/clemup.com\/#primaryimage"},"thumbnailUrl":"https:\/\/clemup.com\/wp-content\/uploads\/elementor\/thumbs\/Livreur-r68eumqy6twxexlfrroacqx0unjs2rqldo5r9w5e4w.jpeg","datePublished":"2025-05-23T12:34:38+00:00","dateModified":"2025-05-23T12:55:20+00:00","breadcrumb":{"@id":"https:\/\/clemup.com\/#breadcrumb"},"inLanguage":"fr-FR","potentialAction":[{"@type":"ReadAction","target":["https:\/\/clemup.com\/"]}]},{"@type":"ImageObject","inLanguage":"fr-FR","@id":"https:\/\/clemup.com\/#primaryimage","url":"https:\/\/clemup.com\/wp-content\/uploads\/elementor\/thumbs\/Livreur-r68eumqy6twxexlfrroacqx0unjs2rqldo5r9w5e4w.jpeg","contentUrl":"https:\/\/clemup.com\/wp-content\/uploads\/elementor\/thumbs\/Livreur-r68eumqy6twxexlfrroacqx0unjs2rqldo5r9w5e4w.jpeg"},{"@type":"BreadcrumbList","@id":"https:\/\/clemup.com\/#breadcrumb","itemListElement":[{"@type":"ListItem","position":1,"name":"Home","item":"https:\/\/clemup.com\/"},{"@type":"ListItem","position":2,"name":"Accueil"}]},{"@type":"WebSite","@id":"https:\/\/clemup.com\/#website","url":"https:\/\/clemup.com\/","name":"Clemup","description":"","potentialAction":[{"@type":"SearchAction","target":{"@type":"EntryPoint","urlTemplate":"https:\/\/clemup.com\/?s={search_term_string}"},"query-input":{"@type":"PropertyValueSpecification","valueRequired":true,"valueName":"search_term_string"}}],"inLanguage":"fr-FR"}]}},"jetpack_sharing_enabled":true,"_links":{"self":[{"href":"https:\/\/clemup.com\/wp-json\/wp\/v2\/pages\/105","targetHints":{"allow":["GET"]}}],"collection":[{"href":"https:\/\/clemup.com\/wp-json\/wp\/v2\/pages"}],"about":[{"href":"https:\/\/clemup.com\/wp-json\/wp\/v2\/types\/page"}],"author":[{"embeddable":true,"href":"https:\/\/clemup.com\/wp-json\/wp\/v2\/users\/1"}],"replies":[{"embeddable":true,"href":"https:\/\/clemup.com\/wp-json\/wp\/v2\/comments?post=105"}],"version-history":[{"count":7,"href":"https:\/\/clemup.com\/wp-json\/wp\/v2\/pages\/105\/revisions"}],"predecessor-version":[{"id":114,"href":"https:\/\/clemup.com\/wp-json\/wp\/v2\/pages\/105\/revisions\/114"}],"wp:attachment":[{"href":"https:\/\/clemup.com\/wp-json\/wp\/v2\/media?parent=105"}],"curies":[{"name":"wp","href":"https:\/\/api.w.org\/{rel}","templated":true}]}}